{"id":6,"date":"2025-05-12T20:58:56","date_gmt":"2025-05-12T18:58:56","guid":{"rendered":"https:\/\/atlas-gesundheit.at\/?page_id=6"},"modified":"2025-05-13T07:15:29","modified_gmt":"2025-05-13T05:15:29","slug":"home","status":"publish","type":"page","link":"https:\/\/atlas-gesundheit.at\/","title":{"rendered":""},"content":{"rendered":"\n<figure class=\"wp-block-image size-large\"><img loading=\"lazy\" decoding=\"async\" width=\"1024\" height=\"1024\" src=\"https:\/\/atlas-gesundheit.at\/wp-content\/uploads\/2025\/05\/Atlas-1024x1024.png\" alt=\"\" class=\"wp-image-8\" srcset=\"https:\/\/atlas-gesundheit.at\/wp-content\/uploads\/2025\/05\/Atlas-1024x1024.png 1024w, https:\/\/atlas-gesundheit.at\/wp-content\/uploads\/2025\/05\/Atlas-300x300.png 300w, https:\/\/atlas-gesundheit.at\/wp-content\/uploads\/2025\/05\/Atlas-150x150.png 150w, https:\/\/atlas-gesundheit.at\/wp-content\/uploads\/2025\/05\/Atlas-768x768.png 768w, https:\/\/atlas-gesundheit.at\/wp-content\/uploads\/2025\/05\/Atlas-1536x1536.png 1536w, https:\/\/atlas-gesundheit.at\/wp-content\/uploads\/2025\/05\/Atlas.png 1654w\" sizes=\"auto, (max-width: 1024px) 100vw, 1024px\" \/><\/figure>\n\n\n\n<div class=\"wp-block-group alignfull is-style-section-3 has-global-padding is-layout-constrained wp-block-group-is-layout-constrained is-style-section-3--1\" style=\"border-style:none;border-width:0px;border-radius:0px;margin-top:0;margin-bottom:0;padding-top:var(--wp--preset--spacing--80);padding-bottom:var(--wp--preset--spacing--80)\">\n<h2 class=\"wp-block-heading alignwide is-style-text-subtitle has-x-large-font-size is-style-text-subtitle--2\" style=\"border-style:none;border-width:0px\"><strong>Ein gerader Atlas ist die Basis f\u00fcr Gesundheit und Leistungsf\u00e4higkeit<\/strong><\/h2>\n<\/div>\n\n\n\n<div class=\"wp-block-group alignfull is-style-default has-global-padding is-layout-constrained wp-block-group-is-layout-constrained\" id=\"Atlas\" style=\"margin-top:0;margin-bottom:0;padding-top:var(--wp--preset--spacing--80);padding-bottom:var(--wp--preset--spacing--80)\">\n<div class=\"wp-block-columns alignwide is-layout-flex wp-container-core-columns-is-layout-b092771c wp-block-columns-is-layout-flex\" style=\"margin-top:0;margin-bottom:0;padding-right:var(--wp--preset--spacing--20);padding-left:var(--wp--preset--spacing--20)\">\n<div class=\"wp-block-column is-vertically-aligned-center is-layout-flow wp-block-column-is-layout-flow\" style=\"padding-right:var(--wp--preset--spacing--50);flex-basis:30%\">\n<figure class=\"wp-block-image size-full\"><img loading=\"lazy\" decoding=\"async\" width=\"1024\" height=\"768\" src=\"https:\/\/atlas-gesundheit.at\/wp-content\/uploads\/2025\/05\/3.png\" alt=\"\" class=\"wp-image-9\" srcset=\"https:\/\/atlas-gesundheit.at\/wp-content\/uploads\/2025\/05\/3.png 1024w, https:\/\/atlas-gesundheit.at\/wp-content\/uploads\/2025\/05\/3-300x225.png 300w, https:\/\/atlas-gesundheit.at\/wp-content\/uploads\/2025\/05\/3-768x576.png 768w\" sizes=\"auto, (max-width: 1024px) 100vw, 1024px\" \/><\/figure>\n<\/div>\n\n\n\n<div class=\"wp-block-column is-vertically-aligned-center has-medium-font-size is-layout-flow wp-block-column-is-layout-flow\" style=\"padding-right:0;padding-left:0;flex-basis:65%\">\n<p class=\"is-style-text-subtitle has-medium-font-size is-style-text-subtitle--3\">Der Atlas ist der erste Halswirbel und das Bindeglied zwischen Kopf und K\u00f6rper. Er sorgt f\u00fcr die Stabilit\u00e4t des K\u00f6rpers und beeinflusst entscheidend die Ausrichtung der&nbsp; Wirbels\u00e4ule, des Beckens und somit des gesamten Bewegungsapparates.<\/p>\n\n\n\n<p class=\"is-style-text-subtitle has-medium-font-size is-style-text-subtitle--4\">Durch seine Lage hat der Atlas auch eine zentrale Bedeutung f\u00fcr die Durchblutung und Nervenversorgung des Menschen. Die wichtigsten Nerven- und Blutbahnen f\u00fchren durch diesen Wirbel hindurch oder direkt daran vorbei. Schon eine leichte Schiefstellung kann Druck auf diese Bahnen aus\u00fcben, den Durchfluss beeintr\u00e4chtigen und somit \u00a0Ausl\u00f6ser zahlreicher Beschwerden sein.<\/p>\n\n\n\n<p class=\"is-style-text-subtitle has-medium-font-size is-style-text-subtitle--5\">Ein gerader, zentrierter Atlas sorgt f\u00fcr eine optimale Versorgung und Kommunikation zwischen Gehirn und K\u00f6rper. Dies hat Auswirkungen auf den ganzen K\u00f6rper und alle seine Systeme. \u00a0Das Immunsystem wird gest\u00e4rkt, die Selbstheilungskr\u00e4fte aktiviert und die Leistungsf\u00e4higkeit und Regenerationsf\u00e4higkeit erh\u00f6ht. Au\u00dferdem hat ein gerader Atlas enormen Einfluss auf unsere K\u00f6rperstatik. Er ist als oberstes Glied der Wirbels\u00e4ule Richtungsgeber f\u00fcr alle Wirbel, Gelenke und das Becken.<\/p>\n<\/div>\n<\/div>\n<\/div>\n\n\n\n<div class=\"wp-block-group alignfull is-style-section-1 has-global-padding is-content-justification-center is-layout-constrained wp-container-core-group-is-layout-1ca0c06d wp-block-group-is-layout-constrained is-style-section-1--6\" style=\"margin-top:0;margin-bottom:0;padding-top:var(--wp--preset--spacing--40);padding-right:var(--wp--preset--spacing--40);padding-bottom:var(--wp--preset--spacing--40);padding-left:var(--wp--preset--spacing--40)\">\n<h2 class=\"wp-block-heading alignwide\">F\u00fcr wen ist die Atlas Behandlung geeignet?<\/h2>\n\n\n\n<div class=\"wp-block-columns alignwide is-layout-flex wp-container-core-columns-is-layout-28f84493 wp-block-columns-is-layout-flex\">\n<div class=\"wp-block-column is-layout-flow wp-block-column-is-layout-flow\">\n<ul class=\"wp-block-list has-large-font-size\">\n<li>Grunds\u00e4tzlich f\u00fcr &nbsp;jeden Menschen, egal ob Neugeborenes oder Senior, als Vorsorge f\u00fcr ein besseres Immunsystem und eine gesunde K\u00f6rperstatik<\/li>\n\n\n\n<li>Besonders f\u00fcr Schwangere, denn ein Beckenschiefstand kann die Lage des Babys (Beckenendlage) und die Geburt negativ beeinflussen. Au\u00dferdem kann eine verminderte Durchblutung der m\u00fctterlichen Organe die Durchblutung der Geb\u00e4rmutter und Plazenta und somit die Versorgung des Babys beintr\u00e4chtigen<\/li>\n\n\n\n<li>F\u00fcr Babys nach der Geburt, wenn sie viel weinen oder unruhig sind.&nbsp; Besonders nach Kaiserschnitt- oder Saugglockengeburten<\/li>\n\n\n\n<li>F\u00fcr Kinder und Jugendliche bei Lern- und Konzentrationsschwierigkeiten, zur optimalen Unterst\u00fctzung in ihrem Wachstumsprozess und bei Haltungssch\u00e4den<\/li>\n\n\n\n<li>Generell f\u00fcr alle Menschen nach Ereignissen bei denen der K\u00f6rper Kr\u00e4ften von au\u00dfen ausgesetzt ist, z. B. Unf\u00e4lle, St\u00fcrze, Operationen mit Vollnarkose, lange Zahnbehandlungen oder auch psychisch traumatische Erlebnisse<\/li>\n\n\n\n<li>Bei chronischen Beschwerden wie, Migr\u00e4ne, Blasenentz\u00fcndung, eingeschlafene H\u00e4nde, Schmerzen im Bewegungsapparat<\/li>\n<\/ul>\n<\/div>\n<\/div>\n<\/div>\n\n\n\n<div class=\"wp-block-group alignfull is-style-section-2 has-global-padding is-layout-constrained wp-block-group-is-layout-constrained is-style-section-2--7\" style=\"margin-top:0;margin-bottom:0;padding-top:var(--wp--preset--spacing--40);padding-bottom:var(--wp--preset--spacing--40)\">\n<div class=\"wp-block-columns alignwide is-layout-flex wp-container-core-columns-is-layout-74b2cda3 wp-block-columns-is-layout-flex\">\n<div class=\"wp-block-column is-vertically-aligned-center is-layout-flow wp-block-column-is-layout-flow\">\n<p class=\"has-x-large-font-size\">M\u00f6gliche <strong>POSITIVE AUSWIRKUNGEN<\/strong> eines geraden Atlas<\/p>\n<\/div>\n\n\n\n<div class=\"wp-block-column is-layout-flow wp-block-column-is-layout-flow\" style=\"padding-top:0;padding-right:0;padding-bottom:0;padding-left:0\">\n<ul class=\"wp-block-list is-style-checkmark-list\">\n<li>Aktivierung der Selbstheilungskr\u00e4fte und Verbesserung des Immunsystems<\/li>\n\n\n\n<li>Optimale Versorgung von Gehirn und K\u00f6rper<\/li>\n\n\n\n<li>Erh\u00f6hung der Leistungs- und Konzentrationsf\u00e4higkeit<\/li>\n\n\n\n<li>R\u00fcckkehr zur nat\u00fcrlichen K\u00f6rperstatik<\/li>\n\n\n\n<li>Korrektur einer Beinl\u00e4ngendifferenz durch Beckenschiefstand<\/li>\n\n\n\n<li>Besserung von psychischen Beschwerden<\/li>\n\n\n\n<li>Mehr Lebensfreude und Energie<\/li>\n\n\n\n<li>Und Vieles mehr\u2026<\/li>\n<\/ul>\n<\/div>\n<\/div>\n<\/div>\n\n\n\n<div class=\"wp-block-group alignfull is-style-section-1 has-global-padding is-layout-constrained wp-block-group-is-layout-constrained is-style-section-1--8\" style=\"margin-top:0;margin-bottom:0;padding-top:var(--wp--preset--spacing--40);padding-bottom:var(--wp--preset--spacing--40)\">\n<h2 class=\"wp-block-heading alignwide has-text-align-center has-xx-large-font-size\">Die Behandlung<\/h2>\n\n\n\n<div class=\"wp-block-columns alignwide is-layout-flex wp-container-core-columns-is-layout-ea69a204 wp-block-columns-is-layout-flex\">\n<div class=\"wp-block-column is-layout-flow wp-block-column-is-layout-flow\" style=\"border-style:none;border-width:0px;border-radius:10px;padding-top:var(--wp--preset--spacing--50);padding-right:var(--wp--preset--spacing--50);padding-bottom:var(--wp--preset--spacing--50);padding-left:var(--wp--preset--spacing--50);flex-basis:30%\">\n<figure class=\"wp-block-image size-large\"><img loading=\"lazy\" decoding=\"async\" width=\"1024\" height=\"566\" src=\"https:\/\/atlas-gesundheit.at\/wp-content\/uploads\/2025\/05\/IMG_8731-1024x566.jpg\" alt=\"\" class=\"wp-image-11\" style=\"object-fit:cover\" srcset=\"https:\/\/atlas-gesundheit.at\/wp-content\/uploads\/2025\/05\/IMG_8731-1024x566.jpg 1024w, https:\/\/atlas-gesundheit.at\/wp-content\/uploads\/2025\/05\/IMG_8731-300x166.jpg 300w, https:\/\/atlas-gesundheit.at\/wp-content\/uploads\/2025\/05\/IMG_8731-768x424.jpg 768w, https:\/\/atlas-gesundheit.at\/wp-content\/uploads\/2025\/05\/IMG_8731-1536x848.jpg 1536w, https:\/\/atlas-gesundheit.at\/wp-content\/uploads\/2025\/05\/IMG_8731-2048x1131.jpg 2048w\" sizes=\"auto, (max-width: 1024px) 100vw, 1024px\" \/><\/figure>\n<\/div>\n\n\n\n<div class=\"wp-block-column is-layout-flow wp-block-column-is-layout-flow\" style=\"border-style:none;border-width:0px;border-radius:10px;padding-top:var(--wp--preset--spacing--50);padding-right:var(--wp--preset--spacing--50);padding-bottom:var(--wp--preset--spacing--50);padding-left:var(--wp--preset--spacing--50)\">\n<p>Zuerst erfolgt ein ausf\u00fchrliches Erstgespr\u00e4ch in dem alles genau erkl\u00e4rt und eine Anamnese erhoben wird. Danach wird (wenn m\u00f6glich) in Bauchlage die Beinl\u00e4ngendifferenz beurteilt. Die Behandlung erfolgt im sitzen und vollst\u00e4ndig bekleidet. Vorsichtig wir die Stellung des Atlas ertastet und dann mit den H\u00e4nden eine sanfte Schwingung auf den Wirbel abgegeben. Dadurch kommt der Atlas selbst\u00e4ndig an seine nat\u00fcrliche Position zur\u00fcck.\u00a0 Im Anschluss erfolgt noch eine Ruhephase von ca. 10 min im liegen.<\/p>\n\n\n\n<p class=\"has-large-font-size\">Die Behandlung ist schmerzfrei und risikolos.<\/p>\n\n\n\n<p>Meist sind 4-6 Behandlungen notwendig bis der Atlas stabil in seiner optimalen Position bleibt. Bei Neugeborenen und Kindern sind meist nur 1-4 Behandlungen notwendig aufgrund der weichen Muskulatur.<\/p>\n<\/div>\n<\/div>\n<\/div>\n\n\n\n<div class=\"wp-block-group alignfull is-style-default has-global-padding is-layout-constrained wp-block-group-is-layout-constrained\" style=\"margin-top:0;margin-bottom:0;padding-top:var(--wp--preset--spacing--50);padding-bottom:var(--wp--preset--spacing--50)\">\n<div class=\"wp-block-group alignwide is-style-default has-global-padding is-layout-constrained wp-block-group-is-layout-constrained\">\n<h2 class=\"wp-block-heading alignfull has-text-align-left has-xx-large-font-size\">So nimmst du Kontakt mit mir auf<\/h2>\n\n\n\n<figure class=\"wp-block-image size-large\"><img loading=\"lazy\" decoding=\"async\" width=\"1024\" height=\"576\" src=\"https:\/\/atlas-gesundheit.at\/wp-content\/uploads\/2025\/05\/Hebamme-1024x576.png\" alt=\"\" class=\"wp-image-10\" srcset=\"https:\/\/atlas-gesundheit.at\/wp-content\/uploads\/2025\/05\/Hebamme-1024x576.png 1024w, https:\/\/atlas-gesundheit.at\/wp-content\/uploads\/2025\/05\/Hebamme-300x169.png 300w, https:\/\/atlas-gesundheit.at\/wp-content\/uploads\/2025\/05\/Hebamme-768x432.png 768w, https:\/\/atlas-gesundheit.at\/wp-content\/uploads\/2025\/05\/Hebamme-1536x864.png 1536w, https:\/\/atlas-gesundheit.at\/wp-content\/uploads\/2025\/05\/Hebamme.png 1920w\" sizes=\"auto, (max-width: 1024px) 100vw, 1024px\" \/><\/figure>\n<\/div>\n<\/div>\n\n\n\n<p><\/p>\n","protected":false},"excerpt":{"rendered":"<p>Ein gerader Atlas ist die Basis f\u00fcr Gesundheit und Leistungsf\u00e4higkeit Der Atlas ist der erste Halswirbel und das Bindeglied zwischen Kopf und K\u00f6rper. Er sorgt f\u00fcr die Stabilit\u00e4t des K\u00f6rpers und beeinflusst entscheidend die Ausrichtung der&nbsp; Wirbels\u00e4ule, des Beckens und somit des gesamten Bewegungsapparates. Durch seine Lage hat der Atlas auch eine zentrale Bedeutung f\u00fcr [&hellip;]<\/p>\n","protected":false},"author":1,"featured_media":0,"parent":0,"menu_order":0,"comment_status":"closed","ping_status":"closed","template":"","meta":{"footnotes":""},"class_list":["post-6","page","type-page","status-publish","hentry"],"_links":{"self":[{"href":"https:\/\/atlas-gesundheit.at\/index.php\/wp-json\/wp\/v2\/pages\/6","targetHints":{"allow":["GET"]}}],"collection":[{"href":"https:\/\/atlas-gesundheit.at\/index.php\/wp-json\/wp\/v2\/pages"}],"about":[{"href":"https:\/\/atlas-gesundheit.at\/index.php\/wp-json\/wp\/v2\/types\/page"}],"author":[{"embeddable":true,"href":"https:\/\/atlas-gesundheit.at\/index.php\/wp-json\/wp\/v2\/users\/1"}],"replies":[{"embeddable":true,"href":"https:\/\/atlas-gesundheit.at\/index.php\/wp-json\/wp\/v2\/comments?post=6"}],"version-history":[{"count":6,"href":"https:\/\/atlas-gesundheit.at\/index.php\/wp-json\/wp\/v2\/pages\/6\/revisions"}],"predecessor-version":[{"id":43,"href":"https:\/\/atlas-gesundheit.at\/index.php\/wp-json\/wp\/v2\/pages\/6\/revisions\/43"}],"wp:attachment":[{"href":"https:\/\/atlas-gesundheit.at\/index.php\/wp-json\/wp\/v2\/media?parent=6"}],"curies":[{"name":"wp","href":"https:\/\/api.w.org\/{rel}","templated":true}]}}